{"id":194,"date":"2026-02-23T16:58:57","date_gmt":"2026-02-23T16:58:57","guid":{"rendered":"https:\/\/qssphotolab.it\/index.php\/our-philosophy\/"},"modified":"2026-03-17T09:21:30","modified_gmt":"2026-03-17T09:21:30","slug":"our-philosophy","status":"publish","type":"page","link":"https:\/\/qssphotolab.it\/index.php\/our-philosophy\/","title":{"rendered":"QSS Photo LAB"},"content":{"rendered":"\n<div style=\\\\\\\"height:80px\\\\\\\" aria-hidden=\\\\\\\"true\\\\\\\" class=\\\\\\\"wp-block-spacer\\\\\\\"><\/div>\n\n\n\n<div class=\"wp-block-group\"><div class=\"wp-block-group__inner-container is-layout-constrained wp-block-group-is-layout-constrained\">\n<div class=\"wp-block-media-text has-media-on-the-right is-stacked-on-mobile \\\\\\&quot;wp-block-media-text\" style=\"grid-template-columns:auto 31%\"><div class=\"wp-block-media-text__content\">\n<p class=\"has-text-align-left wp-block-paragraph\"><strong>QSS Photo LAB<\/strong> \u00e8 uno storico laboratorio fotografico di Sesto San Giovanni, nato nel 1986 dalla passione di Marco De Luca per l\u2019immagine e la stampa di qualit\u00e0.<\/p>\n\n\n\n<p class=\"wp-block-paragraph\">Da sempre il nostro motto \u00e8 <strong>qualit\u00e0 e velocit\u00e0<\/strong>.<br>Per questo abbiamo scelto fin dall\u2019inizio tecnologie all\u2019avanguardia, come i sistemi Noritsu QSS, per garantire stampe fotografiche fedeli, precise e durature.<\/p>\n\n\n\n<p class=\"wp-block-paragraph\">In poco tempo siamo diventati un punto di riferimento per la stampa fotografica rapida sul territorio.<\/p>\n\n\n\n<p class=\"wp-block-paragraph\">Con l\u2019evoluzione delle tecnologie e delle esigenze dei clienti, siamo stati tra i primi, gi\u00e0 dal 2000, a introdurre la stampa da immagini digitali, offrendo un servizio veloce (anche in 1 ora) senza compromessi sulla qualit\u00e0.<\/p>\n\n\n\n<p class=\"wp-block-paragraph\">Oggi lavoriamo con immagini provenienti da diversi supporti e canali tra i quali whatapp e mail per offrire un servizio pratico, immediato e sempre aggiornato.<\/p>\n\n\n\n<p class=\"wp-block-paragraph\">Il nostro laboratorio continua a evolversi, mantenendo al centro un unico denominatore: <strong>la fotografia<\/strong>, interpretata con competenza, innovazione e attenzione alle esigenze di ogni cliente.<\/p>\n\n\n\n<p class=\"wp-block-paragraph\"><\/p>\n<\/div><figure class=\"wp-block-media-text__media\"><img fetchpriority=\"high\" decoding=\"async\" width=\"1024\" height=\"325\" src=\"https:\/\/qssphotolab.it\/wp-content\/uploads\/2026\/03\/LOGO-QSS-1024x325.jpg\" alt=\"\" class=\"wp-image-609 size-full\" srcset=\"https:\/\/qssphotolab.it\/wp-content\/uploads\/2026\/03\/LOGO-QSS-1024x325.jpg 1024w, https:\/\/qssphotolab.it\/wp-content\/uploads\/2026\/03\/LOGO-QSS-300x95.jpg 300w, https:\/\/qssphotolab.it\/wp-content\/uploads\/2026\/03\/LOGO-QSS-768x244.jpg 768w, https:\/\/qssphotolab.it\/wp-content\/uploads\/2026\/03\/LOGO-QSS-600x190.jpg 600w, https:\/\/qssphotolab.it\/wp-content\/uploads\/2026\/03\/LOGO-QSS.jpg 1535w\" sizes=\"(max-width: 1024px) 100vw, 1024px\" \/><\/figure><\/div>\n<\/div><\/div>\n\n\n\n<div style=\\\\\\\"height:100px\\\\\\\" aria-hidden=\\\\\\\"true\\\\\\\" class=\\\\\\\"wp-block-spacer\\\\\\\"><\/div>\n\n\n\n<p class=\"wp-block-paragraph\"><\/p>\n","protected":false},"excerpt":{"rendered":"<p>QSS Photo LAB \u00e8 uno storico laboratorio fotografico di Sesto San Giovanni, nato nel 1986 dalla passione di Marco De Luca per l\u2019immagine e la stampa di qualit\u00e0. Da sempre il nostro motto \u00e8 qualit\u00e0 e velocit\u00e0.Per questo abbiamo scelto fin dall\u2019inizio tecnologie all\u2019avanguardia, come i sistemi Noritsu QSS, per garantire stampe fotografiche fedeli, precise<a class=\"more-link\" href=\"https:\/\/qssphotolab.it\/index.php\/our-philosophy\/\">Leggi tutto &#10230;<\/a><\/p>\n","protected":false},"author":1,"featured_media":0,"parent":0,"menu_order":0,"comment_status":"closed","ping_status":"closed","template":"","meta":{"_editorskit_title_hidden":false,"_editorskit_reading_time":1,"_editorskit_is_block_options_detached":false,"_editorskit_block_options_position":"{}","_crdt_document":"","inline_featured_image":false,"_uag_custom_page_level_css":"","footnotes":""},"class_list":["post-194","page","type-page","status-publish","hentry"],"uagb_featured_image_src":{"full":false,"thumbnail":false,"medium":false,"medium_large":false,"large":false,"1536x1536":false,"2048x2048":false,"yith_slider_thumb":false,"proteo-blog-loop-image":false,"proteo-blog-loop-image-wide":false,"proteo_full_width_image":false,"proteo_blog_cropped_cover_image_730":false,"woocommerce_thumbnail":false,"woocommerce_single":false,"woocommerce_gallery_thumbnail":false},"uagb_author_info":{"display_name":"admin","author_link":"https:\/\/qssphotolab.it\/index.php\/author\/qssphotolab\/"},"uagb_comment_info":0,"uagb_excerpt":"QSS Photo LAB \u00e8 uno storico laboratorio fotografico di Sesto San Giovanni, nato nel 1986 dalla passione di Marco De Luca per l\u2019immagine e la stampa di qualit\u00e0. Da sempre il nostro motto \u00e8 qualit\u00e0 e velocit\u00e0.Per questo abbiamo scelto fin dall\u2019inizio tecnologie all\u2019avanguardia, come i sistemi Noritsu QSS, per garantire stampe fotografiche fedeli, preciseLeggi&hellip;","_links":{"self":[{"href":"https:\/\/qssphotolab.it\/index.php\/wp-json\/wp\/v2\/pages\/194","targetHints":{"allow":["GET"]}}],"collection":[{"href":"https:\/\/qssphotolab.it\/index.php\/wp-json\/wp\/v2\/pages"}],"about":[{"href":"https:\/\/qssphotolab.it\/index.php\/wp-json\/wp\/v2\/types\/page"}],"author":[{"embeddable":true,"href":"https:\/\/qssphotolab.it\/index.php\/wp-json\/wp\/v2\/users\/1"}],"replies":[{"embeddable":true,"href":"https:\/\/qssphotolab.it\/index.php\/wp-json\/wp\/v2\/comments?post=194"}],"version-history":[{"count":5,"href":"https:\/\/qssphotolab.it\/index.php\/wp-json\/wp\/v2\/pages\/194\/revisions"}],"predecessor-version":[{"id":610,"href":"https:\/\/qssphotolab.it\/index.php\/wp-json\/wp\/v2\/pages\/194\/revisions\/610"}],"wp:attachment":[{"href":"https:\/\/qssphotolab.it\/index.php\/wp-json\/wp\/v2\/media?parent=194"}],"curies":[{"name":"wp","href":"https:\/\/api.w.org\/{rel}","templated":true}]}}